{"id":14,"date":"2026-05-11T13:23:10","date_gmt":"2026-05-11T11:23:10","guid":{"rendered":"https:\/\/admin.faunovo.com\/index.php\/produkt\/bugz-hen-1kg\/"},"modified":"2026-05-11T15:20:16","modified_gmt":"2026-05-11T13:20:16","slug":"bugz-hen-1kg","status":"publish","type":"product","link":"https:\/\/admin.faunovo.com\/index.php\/produkt\/bugz-hen-1kg\/","title":{"rendered":"BUGZ HEN \u00b7 1 kg"},"content":{"rendered":"<p>Najlepszy stosunek ceny do gramatury w linii HEN. 100% naturalne larwy BSF, polska hodowla partnerska. <strong>Sweet spot dla 4-6 kur na ~50 dni.<\/strong><\/p>\n<p>Dla hodowli weekendowych 5-10 kur. Sta\u0142e wsparcie nie\u015bno\u015bci, mocniejsze skorupki, mniej kanibalizmu zim\u0105.<\/p>\n","protected":false},"excerpt":{"rendered":"<p>Bestseller \u00b7 sweet spot dla 4-6 kur na ~50 dni.<\/p>\n","protected":false},"featured_media":0,"comment_status":"open","ping_status":"closed","template":"","meta":[],"product_brand":[],"product_cat":[20,16],"product_tag":[],"class_list":{"0":"post-14","1":"product","2":"type-product","3":"status-publish","5":"product_cat-dla-kur","6":"product_cat-linia-hen","8":"first","9":"instock","10":"sale","11":"shipping-taxable","12":"purchasable","13":"product-type-simple"},"_links":{"self":[{"href":"https:\/\/admin.faunovo.com\/index.php\/wp-json\/wp\/v2\/product\/14","targetHints":{"allow":["GET"]}}],"collection":[{"href":"https:\/\/admin.faunovo.com\/index.php\/wp-json\/wp\/v2\/product"}],"about":[{"href":"https:\/\/admin.faunovo.com\/index.php\/wp-json\/wp\/v2\/types\/product"}],"replies":[{"embeddable":true,"href":"https:\/\/admin.faunovo.com\/index.php\/wp-json\/wp\/v2\/comments?post=14"}],"wp:attachment":[{"href":"https:\/\/admin.faunovo.com\/index.php\/wp-json\/wp\/v2\/media?parent=14"}],"wp:term":[{"taxonomy":"product_brand","embeddable":true,"href":"https:\/\/admin.faunovo.com\/index.php\/wp-json\/wp\/v2\/product_brand?post=14"},{"taxonomy":"product_cat","embeddable":true,"href":"https:\/\/admin.faunovo.com\/index.php\/wp-json\/wp\/v2\/product_cat?post=14"},{"taxonomy":"product_tag","embeddable":true,"href":"https:\/\/admin.faunovo.com\/index.php\/wp-json\/wp\/v2\/product_tag?post=14"}],"curies":[{"name":"wp","href":"https:\/\/api.w.org\/{rel}","templated":true}]}}