{"id":16,"date":"2026-05-11T13:23:13","date_gmt":"2026-05-11T11:23:13","guid":{"rendered":"https:\/\/admin.faunovo.com\/index.php\/produkt\/bugz-hen-5kg\/"},"modified":"2026-05-11T15:20:17","modified_gmt":"2026-05-11T13:20:17","slug":"bugz-hen-5kg","status":"publish","type":"product","link":"https:\/\/admin.faunovo.com\/index.php\/produkt\/bugz-hen-5kg\/","title":{"rendered":"BUGZ HEN \u00b7 5 kg"},"content":{"rendered":"<p>Worek master \u2014 dla wi\u0119kszych stadek 20+ kur. Najni\u017csza cena za kg w linii: <strong>67 z\u0142 \/ kg<\/strong>. Pakowanie: worek + karton zewn\u0119trzny.<\/p>\n","protected":false},"excerpt":{"rendered":"<p>Power format \u00b7 hodowla 20+ kur \u00b7 67 z\u0142 \/ kg.<\/p>\n","protected":false},"featured_media":0,"comment_status":"open","ping_status":"closed","template":"","meta":[],"product_brand":[],"product_cat":[20,16],"product_tag":[],"class_list":{"0":"post-16","1":"product","2":"type-product","3":"status-publish","5":"product_cat-dla-kur","6":"product_cat-linia-hen","8":"first","9":"instock","10":"sale","11":"shipping-taxable","12":"purchasable","13":"product-type-simple"},"_links":{"self":[{"href":"https:\/\/admin.faunovo.com\/index.php\/wp-json\/wp\/v2\/product\/16","targetHints":{"allow":["GET"]}}],"collection":[{"href":"https:\/\/admin.faunovo.com\/index.php\/wp-json\/wp\/v2\/product"}],"about":[{"href":"https:\/\/admin.faunovo.com\/index.php\/wp-json\/wp\/v2\/types\/product"}],"replies":[{"embeddable":true,"href":"https:\/\/admin.faunovo.com\/index.php\/wp-json\/wp\/v2\/comments?post=16"}],"wp:attachment":[{"href":"https:\/\/admin.faunovo.com\/index.php\/wp-json\/wp\/v2\/media?parent=16"}],"wp:term":[{"taxonomy":"product_brand","embeddable":true,"href":"https:\/\/admin.faunovo.com\/index.php\/wp-json\/wp\/v2\/product_brand?post=16"},{"taxonomy":"product_cat","embeddable":true,"href":"https:\/\/admin.faunovo.com\/index.php\/wp-json\/wp\/v2\/product_cat?post=16"},{"taxonomy":"product_tag","embeddable":true,"href":"https:\/\/admin.faunovo.com\/index.php\/wp-json\/wp\/v2\/product_tag?post=16"}],"curies":[{"name":"wp","href":"https:\/\/api.w.org\/{rel}","templated":true}]}}