{"id":19,"date":"2026-05-11T13:23:17","date_gmt":"2026-05-11T11:23:17","guid":{"rendered":"https:\/\/admin.faunovo.com\/index.php\/produkt\/bugz-drago-200g\/"},"modified":"2026-05-11T15:20:19","modified_gmt":"2026-05-11T13:20:19","slug":"bugz-drago-200g","status":"publish","type":"product","link":"https:\/\/admin.faunovo.com\/index.php\/produkt\/bugz-drago-200g\/","title":{"rendered":"BUGZ DRAGO \u00b7 200 g"},"content":{"rendered":"<p>Dwa razy wi\u0119kszy format dla hodowc\u00f3w z dwoma terrariami. Lepszy stosunek ceny ni\u017c 100 g.<\/p>\n","protected":false},"excerpt":{"rendered":"<p>Dla hodowc\u00f3w z dwoma terrariami.<\/p>\n","protected":false},"featured_media":0,"comment_status":"open","ping_status":"closed","template":"","meta":[],"product_brand":[],"product_cat":[21,17],"product_tag":[],"class_list":{"0":"post-19","1":"product","2":"type-product","3":"status-publish","5":"product_cat-dla-terrarystow","6":"product_cat-linia-drago","8":"first","9":"instock","10":"sale","11":"shipping-taxable","12":"purchasable","13":"product-type-simple"},"_links":{"self":[{"href":"https:\/\/admin.faunovo.com\/index.php\/wp-json\/wp\/v2\/product\/19","targetHints":{"allow":["GET"]}}],"collection":[{"href":"https:\/\/admin.faunovo.com\/index.php\/wp-json\/wp\/v2\/product"}],"about":[{"href":"https:\/\/admin.faunovo.com\/index.php\/wp-json\/wp\/v2\/types\/product"}],"replies":[{"embeddable":true,"href":"https:\/\/admin.faunovo.com\/index.php\/wp-json\/wp\/v2\/comments?post=19"}],"wp:attachment":[{"href":"https:\/\/admin.faunovo.com\/index.php\/wp-json\/wp\/v2\/media?parent=19"}],"wp:term":[{"taxonomy":"product_brand","embeddable":true,"href":"https:\/\/admin.faunovo.com\/index.php\/wp-json\/wp\/v2\/product_brand?post=19"},{"taxonomy":"product_cat","embeddable":true,"href":"https:\/\/admin.faunovo.com\/index.php\/wp-json\/wp\/v2\/product_cat?post=19"},{"taxonomy":"product_tag","embeddable":true,"href":"https:\/\/admin.faunovo.com\/index.php\/wp-json\/wp\/v2\/product_tag?post=19"}],"curies":[{"name":"wp","href":"https:\/\/api.w.org\/{rel}","templated":true}]}}